{"id":10,"date":"2024-01-14T14:07:05","date_gmt":"2024-01-14T14:07:05","guid":{"rendered":"https:\/\/shop.dafishamen.com\/?page_id=10"},"modified":"2024-10-11T02:12:33","modified_gmt":"2024-10-11T02:12:33","slug":"refund_returns","status":"publish","type":"page","link":"https:\/\/shop.dafishamen.com\/?page_id=10","title":{"rendered":"Politique de retour et remboursement"},"content":{"rendered":"\r\n<p>La Politique de retour et remboursement <a href=\"\/\" target=\"_parent\" rel=\"noopener\">DafishaShop<\/a> est applicable dans un d\u00e9lai de 10 jours suivant votre achat.<\/p>\r\n<h2 class=\"spacerbottom\">Retour \/ Remboursement<\/h2>\r\n\r\n<p>Nous offrons un remboursement selon certaines conditions : un item non re\u00e7u ou ne refl\u00e9tant pas votre achat telle qu&rsquo;une mauvaise couleur ou style provenant d&rsquo;une erreur de notre part.<\/p>\r\n\r\n<p>Pour les Articles Volumineux, un \u00e9change \/ remboursement est possible si l&rsquo;\u00e9tat de celui-ci est non utilis\u00e9 et dans son \u00e9tat original. Il est de votre responsabilit\u00e9 de ramener l&rsquo;article \u00e0 l&rsquo;addresse DafishaShop. Le co\u00fbt d&rsquo;envois initial ne sera pas rembours\u00e9 \u00e0 cette fin.<\/p>\r\n\r\n\r\n\r\n<p>Si vous \u00eates approuv\u00e9 suite \u00e0 la r\u00e9ception de l&rsquo;article ou l&rsquo;analyse de la demande, le remboursement sera proc\u00e9d\u00e9 et un cr\u00e9dit sera appliquer \u00e0 votre m\u00e9thode de paiement originale dans un d\u00e9lai de quelques jours.<\/p>\r\n\r\n\r\n\r\n<h3 class=\"spacerbottom\">Remboursement tardif ou manquant<\/h3>\r\n\r\n\r\n\r\n<p>Si vous n&rsquo;avez pas encore re\u00e7u votre remboursement, veuillez v\u00e9rifier votre compte bancaire de nouveau.<\/p>\r\n\r\n\r\n\r\n<p>Par la suite contactez votre compagnie de carte de cr\u00e9dit et bancaire, il peut prendre un certains temps pour le remboursement.<\/p>\r\n\r\n\r\n\r\n<p>Apr\u00e8s ces \u00e9tapes, si le remboursement n&rsquo;a toujours pas \u00e9t\u00e9 effectu\u00e9, veuillez nous joindre \u00e0 <a href=\"mailto:dafishamen@gmail.com\">dafishamen@gmail.com<\/a> ou par la <a href=\"https:\/\/www.messenger.com\/t\/122839748047988\/?messaging_source=source%3Apages%3Amessage_shortlink&#038;recurring_notification=0\" target=\"_blank\" rel=\"noopener\">Discussion Facebook<\/a><\/p>\r\n\r\n\r\n\r\n<h3 class=\"spacerbottom\">Items en Promotion<\/h3>\r\n\r\n\r\n\r\n<p>Seulement les items \u00e0 Prix R\u00e9gulier peuvent \u00eatre rembours\u00e9s. Les items en Promotion ne peuvent pas \u00eatre rembours\u00e9s<\/p>\r\n\r\n\r\n\r\n<h3 class=\"spacerbottom\">Nous joindre<\/h3>\r\n<p>\r\n<a href=\"mailto:dafishamen@gmail.com\">dafishamen@gmail.com<\/a>\r\n<br \/><a href=\"javascript:void(0)\" onclick=\"FB.CustomerChat.showDialog();\">Discussion Facebook<\/a>\r\n<\/p>\r\n\r\n\r\n<h3 class=\"spacerbottom\">Avis<\/h3>\r\n<p>DafishaShop se r\u00e9serve le droit de changer les conditions sans pr\u00e9avis<\/p>","protected":false},"excerpt":{"rendered":"<p>La Politique de retour et remboursement DafishaShop est applicable dans un d\u00e9lai de 10 jours suivant votre achat. Retour \/ Remboursement Nous offrons un remboursement selon certaines conditions : un item non re\u00e7u ou ne refl\u00e9tant pas votre achat telle qu&rsquo;une mauvaise couleur ou style provenant d&rsquo;une erreur de notre part. Pour les Articles Volumineux, [&hellip;]<\/p>\n","protected":false},"author":1,"featured_media":0,"parent":0,"menu_order":0,"comment_status":"closed","ping_status":"closed","template":"templates\/template-pageonly.php","meta":{"footnotes":""},"_links":{"self":[{"href":"https:\/\/shop.dafishamen.com\/index.php?rest_route=\/wp\/v2\/pages\/10"}],"collection":[{"href":"https:\/\/shop.dafishamen.com\/index.php?rest_route=\/wp\/v2\/pages"}],"about":[{"href":"https:\/\/shop.dafishamen.com\/index.php?rest_route=\/wp\/v2\/types\/page"}],"author":[{"embeddable":true,"href":"https:\/\/shop.dafishamen.com\/index.php?rest_route=\/wp\/v2\/users\/1"}],"replies":[{"embeddable":true,"href":"https:\/\/shop.dafishamen.com\/index.php?rest_route=%2Fwp%2Fv2%2Fcomments&post=10"}],"version-history":[{"count":7,"href":"https:\/\/shop.dafishamen.com\/index.php?rest_route=\/wp\/v2\/pages\/10\/revisions"}],"predecessor-version":[{"id":335,"href":"https:\/\/shop.dafishamen.com\/index.php?rest_route=\/wp\/v2\/pages\/10\/revisions\/335"}],"wp:attachment":[{"href":"https:\/\/shop.dafishamen.com\/index.php?rest_route=%2Fwp%2Fv2%2Fmedia&parent=10"}],"curies":[{"name":"wp","href":"https:\/\/api.w.org\/{rel}","templated":true}]}}