{"id":3,"date":"2024-01-06T03:14:37","date_gmt":"2024-01-06T03:14:37","guid":{"rendered":"http:\/\/shop.dafishamen.com\/?page_id=3"},"modified":"2024-03-16T23:27:50","modified_gmt":"2024-03-16T23:27:50","slug":"privacy-policy","status":"publish","type":"page","link":"https:\/\/shop.dafishamen.com\/?page_id=3","title":{"rendered":"Politique de confidentialit\u00e9"},"content":{"rendered":"\r\n<h2 class=\"spacerbottom wp-block-heading\">Votre confidentialit\u00e9<\/h2>\r\n<p class=\"spacer\">DafishaShop recueille votre information tels que le Pr\u00e9nom, Nom, Addresse de domicile, T\u00e9l\u00e9phone et Addresse Courriel que lorsque vous remplissez nos formulaires. Nous ne partageons en aucun cas vos information \u00e0 aucune partie tier.<\/p>\r\n\r\n<h2 class=\"spacerbottom\">Communiquer avec nous<\/h2>\r\n<p class=\"spacer\">Lorsque vous entrez en communication avec nous par courriel, vos renseignements personnels ne sont pas divulgu\u00e9s \u00e0 quiconque.<\/p>\r\n\r\n<h2 class=\"spacerbottom\">Paiement<\/h2>\r\n<ul class=\"spacer\">\r\n<li>DafishaShop n&rsquo;enregistre en aucun cas vos informations de paiement. Ceci est trait\u00e9 par la passerelle Paypal<\/li>\r\n<li>Les prix peuvent \u00eatre \u00e0 sujet de changement sans pr\u00e9avis<\/li>\r\n<li>DafishaShop vous remercie de votre contribution. Ceci nous aidera \u00e0 vous offrir notre savoir pour une meilleure exp\u00e9rience de p\u00eache !<\/li>\r\n<li>Veuillez consulter les modalit\u00e9s <a href=\"\/?page_id=10\">Politique de retour et remboursement<\/a><\/li>\r\n<\/ul>\r\n\r\n<h2 class=\"spacerbottom\">Avis<\/h2>\r\n<p class=\"spacer\">DafishaShop se r\u00e9serve le droit de modifier l&rsquo;Avis et Confidentialit\u00e9 selon les circonstances sans pr\u00e9avis.<\/p>\r\n","protected":false},"excerpt":{"rendered":"<p>Votre confidentialit\u00e9 DafishaShop recueille votre information tels que le Pr\u00e9nom, Nom, Addresse de domicile, T\u00e9l\u00e9phone et Addresse Courriel que lorsque vous remplissez nos formulaires. Nous ne partageons en aucun cas vos information \u00e0 aucune partie tier. Communiquer avec nous Lorsque vous entrez en communication avec nous par courriel, vos renseignements personnels ne sont pas divulgu\u00e9s [&hellip;]<\/p>\n","protected":false},"author":1,"featured_media":0,"parent":0,"menu_order":0,"comment_status":"closed","ping_status":"open","template":"templates\/template-pageonly.php","meta":{"footnotes":""},"_links":{"self":[{"href":"https:\/\/shop.dafishamen.com\/index.php?rest_route=\/wp\/v2\/pages\/3"}],"collection":[{"href":"https:\/\/shop.dafishamen.com\/index.php?rest_route=\/wp\/v2\/pages"}],"about":[{"href":"https:\/\/shop.dafishamen.com\/index.php?rest_route=\/wp\/v2\/types\/page"}],"author":[{"embeddable":true,"href":"https:\/\/shop.dafishamen.com\/index.php?rest_route=\/wp\/v2\/users\/1"}],"replies":[{"embeddable":true,"href":"https:\/\/shop.dafishamen.com\/index.php?rest_route=%2Fwp%2Fv2%2Fcomments&post=3"}],"version-history":[{"count":3,"href":"https:\/\/shop.dafishamen.com\/index.php?rest_route=\/wp\/v2\/pages\/3\/revisions"}],"predecessor-version":[{"id":278,"href":"https:\/\/shop.dafishamen.com\/index.php?rest_route=\/wp\/v2\/pages\/3\/revisions\/278"}],"wp:attachment":[{"href":"https:\/\/shop.dafishamen.com\/index.php?rest_route=%2Fwp%2Fv2%2Fmedia&parent=3"}],"curies":[{"name":"wp","href":"https:\/\/api.w.org\/{rel}","templated":true}]}}