{"id":376,"date":"2025-08-27T00:27:08","date_gmt":"2025-08-27T00:27:08","guid":{"rendered":"https:\/\/shop.dafishamen.com\/?post_type=product&#038;p=376"},"modified":"2025-08-30T02:21:33","modified_gmt":"2025-08-30T02:21:33","slug":"gongadour","status":"publish","type":"product","link":"https:\/\/shop.dafishamen.com\/?product=gongadour","title":{"rendered":"Gongadour X"},"content":{"rendered":"<p>Ce leurre unique fonctionne \u00e0 n&rsquo;importe quelle saison. Il est un mix de plopper et pompadour. Tournant sur lui-m\u00eame comme un spinner causant beaucoup de commotion.<\/p>\n","protected":false},"excerpt":{"rendered":"<p>Mini gorille avec des a\u00eeles qui cr\u00e9e un h\u00e9licopt\u00e8re de son attirant les achigans lointain<\/p>\n","protected":false},"featured_media":378,"comment_status":"open","ping_status":"closed","template":"","meta":[],"product_cat":[21,22],"product_tag":[],"_links":{"self":[{"href":"https:\/\/shop.dafishamen.com\/index.php?rest_route=\/wp\/v2\/product\/376"}],"collection":[{"href":"https:\/\/shop.dafishamen.com\/index.php?rest_route=\/wp\/v2\/product"}],"about":[{"href":"https:\/\/shop.dafishamen.com\/index.php?rest_route=\/wp\/v2\/types\/product"}],"replies":[{"embeddable":true,"href":"https:\/\/shop.dafishamen.com\/index.php?rest_route=%2Fwp%2Fv2%2Fcomments&post=376"}],"wp:featuredmedia":[{"embeddable":true,"href":"https:\/\/shop.dafishamen.com\/index.php?rest_route=\/wp\/v2\/media\/378"}],"wp:attachment":[{"href":"https:\/\/shop.dafishamen.com\/index.php?rest_route=%2Fwp%2Fv2%2Fmedia&parent=376"}],"wp:term":[{"taxonomy":"product_cat","embeddable":true,"href":"https:\/\/shop.dafishamen.com\/index.php?rest_route=%2Fwp%2Fv2%2Fproduct_cat&post=376"},{"taxonomy":"product_tag","embeddable":true,"href":"https:\/\/shop.dafishamen.com\/index.php?rest_route=%2Fwp%2Fv2%2Fproduct_tag&post=376"}],"curies":[{"name":"wp","href":"https:\/\/api.w.org\/{rel}","templated":true}]}}